{"id":370,"date":"2023-10-18T10:13:15","date_gmt":"2023-10-18T10:13:15","guid":{"rendered":"http:\/\/xn--kolping-theater-haselnne-gtc.de\/?page_id=370"},"modified":"2025-11-06T12:43:24","modified_gmt":"2025-11-06T12:43:24","slug":"haseluenne","status":"publish","type":"page","link":"https:\/\/xn--kolping-theater-haselnne-gtc.de\/?page_id=370","title":{"rendered":"Hasel\u00fcnne"},"content":{"rendered":"\n<p><\/p>\n\n\n\n<p><strong>Spielzeiten 206 im Hasel\u00fcnner Kolpinghaus<\/strong><\/p>\n\n\n\n<ul>\n<li><strong>Freitag, 16. Januar 2026 \u2013 19:00 Uhr<\/strong><br>\ud83d\udc49 <em>Premiere mit Sektempfang<\/em><br><em>(Kalt\/Warmes Buffet \u2013 Buchung direkt im Kolpinghaus)<\/em><\/li>\n\n\n\n<li><\/li>\n\n\n\n<li><strong>Sonntag, 18. Januar 2026 \u2013 15:00 Uhr<\/strong><br>\ud83d\udc49 <em>Kaffee &amp; Kuchen<\/em><\/li>\n\n\n\n<li><\/li>\n\n\n\n<li><strong>Freitag, 23. Januar 2026 \u2013 19:00 Uhr<\/strong><br>\ud83d\udc49<em> (Kalt\/Warmes Buffet \u2013 Buchung direkt im Kolpinghaus)<\/em><\/li>\n\n\n\n<li><\/li>\n\n\n\n<li><strong>Sonntag, 25. Januar 2026 \u2013 16:00 Uhr<\/strong><\/li>\n<\/ul>\n\n\n\n<p><\/p>\n\n\n\n<p class=\"has-regular-font-size\"><strong><mark style=\"background-color:#ffffff\" class=\"has-inline-color\">Tickets: <\/mark><\/strong> <\/p>\n\n\n\n<p class=\"has-regular-font-size\">Tourist Information Stadt Hasel\u00fcnne, Rathausplatz 1, 49740 Hasel\u00fcnne Tel.05961-509320<\/p>\n\n\n\n<p><strong><em>Oder<\/em><\/strong><\/p>\n\n\n\n<div class=\"wp-block-buttons is-layout-flex wp-block-buttons-is-layout-flex\">\n<div class=\"wp-block-button is-style-outline\"><a class=\"wp-block-button__link has-luminous-vivid-amber-background-color has-background wp-element-button\" href=\"https:\/\/shop.reservix.de\/?id=c3c3007f0d51665b9e9fcf646a71bb50a496033cd904f9d42b97208e1abc51085b81aac695bc85e3196b08f18e2e1633&amp;vID=27854&amp;eventGrpID=520485\"><strong>Online<\/strong><\/a><\/div>\n<\/div>\n\n\n\n<p class=\"has-large-font-size\"><\/p>\n","protected":false},"excerpt":{"rendered":"<p>Spielzeiten 206 im Hasel\u00fcnner Kolpinghaus Tickets: Tourist Information Stadt Hasel\u00fcnne, Rathausplatz 1, 49740 Hasel\u00fcnne Tel.05961-509320 Oder<\/p>\n","protected":false},"author":1,"featured_media":0,"parent":0,"menu_order":0,"comment_status":"closed","ping_status":"closed","template":"","meta":{"_price":"","_stock":"","_tribe_ticket_header":"","_tribe_default_ticket_provider":"","_tribe_ticket_capacity":"0","_ticket_start_date":"","_ticket_end_date":"","_tribe_ticket_show_description":"","_tribe_ticket_show_not_going":false,"_tribe_ticket_use_global_stock":"","_tribe_ticket_global_stock_level":"","_global_stock_mode":"","_global_stock_cap":"","_tribe_rsvp_for_event":"","_tribe_ticket_going_count":"","_tribe_ticket_not_going_count":"","_tribe_tickets_list":"[]","_tribe_ticket_has_attendee_info_fields":false,"footnotes":"","_tec_slr_enabled":"","_tec_slr_layout":""},"ticketed":false,"_links":{"self":[{"href":"https:\/\/xn--kolping-theater-haselnne-gtc.de\/index.php?rest_route=\/wp\/v2\/pages\/370"}],"collection":[{"href":"https:\/\/xn--kolping-theater-haselnne-gtc.de\/index.php?rest_route=\/wp\/v2\/pages"}],"about":[{"href":"https:\/\/xn--kolping-theater-haselnne-gtc.de\/index.php?rest_route=\/wp\/v2\/types\/page"}],"author":[{"embeddable":true,"href":"https:\/\/xn--kolping-theater-haselnne-gtc.de\/index.php?rest_route=\/wp\/v2\/users\/1"}],"replies":[{"embeddable":true,"href":"https:\/\/xn--kolping-theater-haselnne-gtc.de\/index.php?rest_route=%2Fwp%2Fv2%2Fcomments&post=370"}],"version-history":[{"count":17,"href":"https:\/\/xn--kolping-theater-haselnne-gtc.de\/index.php?rest_route=\/wp\/v2\/pages\/370\/revisions"}],"predecessor-version":[{"id":664,"href":"https:\/\/xn--kolping-theater-haselnne-gtc.de\/index.php?rest_route=\/wp\/v2\/pages\/370\/revisions\/664"}],"wp:attachment":[{"href":"https:\/\/xn--kolping-theater-haselnne-gtc.de\/index.php?rest_route=%2Fwp%2Fv2%2Fmedia&parent=370"}],"curies":[{"name":"wp","href":"https:\/\/api.w.org\/{rel}","templated":true}]}}