{"id":334,"date":"2023-10-16T14:04:52","date_gmt":"2023-10-16T14:04:52","guid":{"rendered":"http:\/\/xn--kolping-theater-haselnne-gtc.de\/?page_id=334"},"modified":"2025-11-05T13:44:10","modified_gmt":"2025-11-05T13:44:10","slug":"jugendtheaterfestival","status":"publish","type":"page","link":"https:\/\/xn--kolping-theater-haselnne-gtc.de\/?page_id=334","title":{"rendered":"Jugendtheaterfestival"},"content":{"rendered":"\n<p><\/p>\n\n\n\n<p class=\"has-larger-font-size\">Jugendtheaterfestival  2025<\/p>\n\n\n\n<figure class=\"wp-block-image size-large\"><img decoding=\"async\" loading=\"lazy\" width=\"1024\" height=\"380\" src=\"https:\/\/xn--kolping-theater-haselnne-gtc.de\/wp-content\/uploads\/2025\/11\/Screenshot-2025-11-05-144352-1024x380.jpg\" alt=\"\" class=\"wp-image-658\" srcset=\"https:\/\/xn--kolping-theater-haselnne-gtc.de\/wp-content\/uploads\/2025\/11\/Screenshot-2025-11-05-144352-1024x380.jpg 1024w, https:\/\/xn--kolping-theater-haselnne-gtc.de\/wp-content\/uploads\/2025\/11\/Screenshot-2025-11-05-144352-300x111.jpg 300w, https:\/\/xn--kolping-theater-haselnne-gtc.de\/wp-content\/uploads\/2025\/11\/Screenshot-2025-11-05-144352-768x285.jpg 768w, https:\/\/xn--kolping-theater-haselnne-gtc.de\/wp-content\/uploads\/2025\/11\/Screenshot-2025-11-05-144352-1140x423.jpg 1140w, https:\/\/xn--kolping-theater-haselnne-gtc.de\/wp-content\/uploads\/2025\/11\/Screenshot-2025-11-05-144352.jpg 1232w\" sizes=\"(max-width: 1024px) 100vw, 1024px\" \/><\/figure>\n\n\n\n<p>Arnold Preu\u00df, Pr\u00e4sident der NBB, begr\u00fc\u00dfte am Freitag den 27.6.25 \u00fcber 120 Jugendliche und Betreuer, die sich auf Gut Sandbeck, sehr gut von unheimlich netten und hilfsbereiten Mitgliedern des TiO, betreut f\u00fchlten.<br>Es waren sechs interessante, phantasievolle und sehr unterhaltsame Inszenierungen der B\u00fchnen aus Osterholz-Scharmbeck, Neuenburg, Emden, Nordenham, Hasel\u00fcnne und Aurich, sowie drei Workshops mit Diethra Bishop (Gesang), Kian Pourian (B\u00fchnenspiel) und Robert Schn\u00f6ll (B\u00fchnenkampf) vom Jugendtheaterfestival in Osterholz-Scharmbeck.<br>Ein Dank an Tina Stelljes und Astrid Gries.<br>Den beiden das Festival moderierenden Ulrike Sch\u00fctze (Pr\u00e4sidium und Stellvertretende B\u00fchnenleiterin TaM) und Timon Funke (Stellvertretender B\u00fchnenleiter TiO) ein allerherzlichstes Dankesch\u00f6n f\u00fcr die souver\u00e4ne und lockere Programmf\u00fchrung.<br>Herwig Dust, Leiter Gesch\u00e4ftsstelle B\u00fchnenbund, f\u00fcr die Gesamtorganisation verantwortlich, geb\u00fchrt ein Dank f\u00fcr die Festivalorganisation, da bei ihm alle F\u00e4den zusammen gezogen wurden und er damit den Grundstock f\u00fcr das gelungene Festival legte.<br>Ein Wiedersehen wird es im n\u00e4chsten Jahr geben, wenn das 16. Jugendtheater Festival in Cuxhaven stattfinden wird.<br>Allen Beteiligten herzliche Gr\u00fc\u00dfe und ein gro\u00dfes Dankesch\u00f6n f\u00fcr die gemeinsame Zeit.<\/p>\n\n\n\n<p class=\"has-larger-font-size\">Jugendtheaterfestival  2024<\/p>\n\n\n\n<p>Jugendtheaterfestival 2024 ein voller Erfolg!<\/p>\n\n\n\n<p>\u201eWi s\u00fcnd de Tokunft\u201c &#8211; unter diesem Motto stand das 14. Jugendtheaterfestival des Niederdeutschen B\u00fchnenbundes Niedersachsen und Bremen (B\u00fchnenbund), das vom 14. bis zum 16. Juni 2024 in Neuenburg statt fand und an dem auch wieder das Kindertheater des Kolpingtheaters Hasel\u00fcnne teilnahmen. Schirmherr dieses Festivals war Ministerpr\u00e4sident Stephan Weil.<\/p>\n\n\n\n<figure class=\"wp-block-image size-large\"><img decoding=\"async\" loading=\"lazy\" width=\"1024\" height=\"379\" src=\"https:\/\/xn--kolping-theater-haselnne-gtc.de\/wp-content\/uploads\/2024\/07\/JTF22024-2048x757-1-1024x379.jpg\" alt=\"\" class=\"wp-image-604\" srcset=\"https:\/\/xn--kolping-theater-haselnne-gtc.de\/wp-content\/uploads\/2024\/07\/JTF22024-2048x757-1-1024x379.jpg 1024w, https:\/\/xn--kolping-theater-haselnne-gtc.de\/wp-content\/uploads\/2024\/07\/JTF22024-2048x757-1-300x111.jpg 300w, https:\/\/xn--kolping-theater-haselnne-gtc.de\/wp-content\/uploads\/2024\/07\/JTF22024-2048x757-1-768x284.jpg 768w, https:\/\/xn--kolping-theater-haselnne-gtc.de\/wp-content\/uploads\/2024\/07\/JTF22024-2048x757-1-1536x568.jpg 1536w, https:\/\/xn--kolping-theater-haselnne-gtc.de\/wp-content\/uploads\/2024\/07\/JTF22024-2048x757-1-1140x421.jpg 1140w, https:\/\/xn--kolping-theater-haselnne-gtc.de\/wp-content\/uploads\/2024\/07\/JTF22024-2048x757-1.jpg 2048w\" sizes=\"(max-width: 1024px) 100vw, 1024px\" \/><\/figure>\n\n\n\n<p>\u201eNach drei Tagen, an denen acht Theaterst\u00fccke gezeigt wurden, hat sich wieder einmal gezeigt, \u00fcber welche gro\u00dfartigen Nachwuchsschauspielerinnen und -schauspieler die B\u00fchnen und Theater des B\u00fchnenbundes verf\u00fcgen\u201c, res\u00fcmierte der Pr\u00e4sident des B\u00fchnenbundes, Arnold Preu\u00df. So konnte alles das was Theater zu bieten hat an dem Wochenende im \u201eVereenshuus Neeborg\u201c gesehen werden.<\/p>\n\n\n\n<p>Bunt und fr\u00f6hlich, musikalisch und spannend waren die Inszenierungen, die der Theaternachwuchs mit nach Neuenburg gebracht hatte. Karaoke, Musik und Tanz und zwischendurch auch mal etwa \u201echillen\u201c, das Programm war vielf\u00e4ltig sodass bei den Kindern und Jugendlichen keine Langeweile aufkam.<\/p>\n\n\n\n<figure class=\"wp-block-image size-large\"><img decoding=\"async\" loading=\"lazy\" width=\"1024\" height=\"607\" src=\"https:\/\/xn--kolping-theater-haselnne-gtc.de\/wp-content\/uploads\/2024\/07\/Schlussapplaus-1024x607.jpg\" alt=\"\" class=\"wp-image-605\" srcset=\"https:\/\/xn--kolping-theater-haselnne-gtc.de\/wp-content\/uploads\/2024\/07\/Schlussapplaus-1024x607.jpg 1024w, https:\/\/xn--kolping-theater-haselnne-gtc.de\/wp-content\/uploads\/2024\/07\/Schlussapplaus-300x178.jpg 300w, https:\/\/xn--kolping-theater-haselnne-gtc.de\/wp-content\/uploads\/2024\/07\/Schlussapplaus-768x455.jpg 768w, https:\/\/xn--kolping-theater-haselnne-gtc.de\/wp-content\/uploads\/2024\/07\/Schlussapplaus-1536x910.jpg 1536w, https:\/\/xn--kolping-theater-haselnne-gtc.de\/wp-content\/uploads\/2024\/07\/Schlussapplaus-1140x675.jpg 1140w, https:\/\/xn--kolping-theater-haselnne-gtc.de\/wp-content\/uploads\/2024\/07\/Schlussapplaus.jpg 1600w\" sizes=\"(max-width: 1024px) 100vw, 1024px\" \/><\/figure>\n\n\n\n<p>Interessante und abwechslungsreiche Inszenierungen konnten die ca. 150 Teilnehmenden mit ihren Betreuerinnen und Betreuern bewundern und genie\u00dfen.Auch die Nachwuchsschauspieler vom Kolping-Theater-Hasel\u00fcnne waren mit ihrer diesj\u00e4hrigen Theaterproduktion: \u201eDrachenjagd\u201c, das in Neuenburg Premiere feierte, unter der Spielleitung von Elisabeth Tebben, beim dreit\u00e4gigen Theaterfestival dabei. Bei dem Theaterst\u00fcck dreht sich um den gerade einmal 100 Jahre jungen Drachen Tiamat, der schnarchend aus einem Fantasy-Buch in die Realit\u00e4t gebeamt wurde. Die Akteure des St\u00fcckes finden sich zwischen Drachen, Hexen und Feen wieder. Dort erleben die sie spannende und bunte Abenteuer zwischen Fantasie und Wirklichkeit. Bereits bei der Premiere beim Jugendtheaterfestival sorgte das St\u00fcck f\u00fcr gro\u00dfe Begeisterung beim Publikum. Es wurde zweisprachig hoch und plattdeutsch von Hildegard Hinrichs inszeniert und ist somit leicht f\u00fcr Kinder ab 5 Jahre zu verfolgen, die choreographischen Elemente wurden von Sophie Sandhaus einstudiert.<\/p>\n\n\n\n<figure class=\"wp-block-image size-large is-resized\"><img decoding=\"async\" loading=\"lazy\" width=\"1024\" height=\"683\" src=\"https:\/\/xn--kolping-theater-haselnne-gtc.de\/wp-content\/uploads\/2024\/07\/Gruppe-1024x683.jpg\" alt=\"\" class=\"wp-image-606\" style=\"aspect-ratio:1.499267935578331;width:785px;height:auto\" srcset=\"https:\/\/xn--kolping-theater-haselnne-gtc.de\/wp-content\/uploads\/2024\/07\/Gruppe-1024x683.jpg 1024w, https:\/\/xn--kolping-theater-haselnne-gtc.de\/wp-content\/uploads\/2024\/07\/Gruppe-300x200.jpg 300w, https:\/\/xn--kolping-theater-haselnne-gtc.de\/wp-content\/uploads\/2024\/07\/Gruppe-768x512.jpg 768w, https:\/\/xn--kolping-theater-haselnne-gtc.de\/wp-content\/uploads\/2024\/07\/Gruppe.jpg 1080w\" sizes=\"(max-width: 1024px) 100vw, 1024px\" \/><\/figure>\n\n\n\n<p><\/p>\n\n\n\n<p>Auch in Hasel\u00fcnne wird die \u201eDrachenjagd\u201c noch zu sehen sein.&nbsp;Unter anderem nach den Sommerferien im Kolpinghaus Hasel\u00fcnne, wobei der Termin noch bekannt gegeben wird. Zudem finden Auff\u00fchrungen am 25. September um 15:00 Uhr in der Stadthalle&nbsp;und am 24. November um 16:00 Uhr im Kolpinghaus Hasel\u00fcnne, im Rahmen von \u201eHasel\u00fcnne liest und singt\u201c, statt<\/p>\n\n\n\n<p><\/p>\n\n\n\n<figure class=\"wp-block-image size-full\"><img decoding=\"async\" loading=\"lazy\" width=\"1021\" height=\"728\" src=\"https:\/\/xn--kolping-theater-haselnne-gtc.de\/wp-content\/uploads\/2024\/07\/Schwarzlicht.jpg\" alt=\"\" class=\"wp-image-607\" srcset=\"https:\/\/xn--kolping-theater-haselnne-gtc.de\/wp-content\/uploads\/2024\/07\/Schwarzlicht.jpg 1021w, https:\/\/xn--kolping-theater-haselnne-gtc.de\/wp-content\/uploads\/2024\/07\/Schwarzlicht-300x214.jpg 300w, https:\/\/xn--kolping-theater-haselnne-gtc.de\/wp-content\/uploads\/2024\/07\/Schwarzlicht-768x548.jpg 768w\" sizes=\"(max-width: 1021px) 100vw, 1021px\" \/><\/figure>\n\n\n\n<p><\/p>\n\n\n\n<p><\/p>\n\n\n\n<p><\/p>\n\n\n\n<h2 class=\"wp-block-heading has-larger-font-size\">Jugendtheaterfestival 2023 <\/h2>\n\n\n\n<p>Das 13. Niederdeutsche Jugendtheaterfestival des Niederdeutschen B\u00fchnenbundes Niedersachsen und Bremen (NBB) fand vom 23. bis 25. Juni abermals in Hasel\u00fcnne statt. Von Freitag bis Sonntag hatten sich rund 130 Teilnehmerinnen und Teilnehmer mit ihren Betreuerinnen und Betreuern in Hasel\u00fcnne getroffen, um die unterschiedlichsten Inszenierungen auf die B\u00fchne des St. Ursula Gymnasium zu sehen und um miteinander Spa\u00df und Freude zu haben.<\/p>\n\n\n\n<figure class=\"wp-block-image size-large is-resized\"><img decoding=\"async\" loading=\"lazy\" width=\"1024\" height=\"509\" src=\"http:\/\/xn--kolping-theater-haselnne-gtc.de\/wp-content\/uploads\/2023\/10\/20230624_1415360-1024x509.jpg\" alt=\"\" class=\"wp-image-392\" style=\"width:752px;height:374px\" srcset=\"https:\/\/xn--kolping-theater-haselnne-gtc.de\/wp-content\/uploads\/2023\/10\/20230624_1415360-1024x509.jpg 1024w, https:\/\/xn--kolping-theater-haselnne-gtc.de\/wp-content\/uploads\/2023\/10\/20230624_1415360-300x149.jpg 300w, https:\/\/xn--kolping-theater-haselnne-gtc.de\/wp-content\/uploads\/2023\/10\/20230624_1415360-768x381.jpg 768w, https:\/\/xn--kolping-theater-haselnne-gtc.de\/wp-content\/uploads\/2023\/10\/20230624_1415360-1536x763.jpg 1536w, https:\/\/xn--kolping-theater-haselnne-gtc.de\/wp-content\/uploads\/2023\/10\/20230624_1415360-2048x1017.jpg 2048w, https:\/\/xn--kolping-theater-haselnne-gtc.de\/wp-content\/uploads\/2023\/10\/20230624_1415360-750x373.jpg 750w\" sizes=\"(max-width: 1024px) 100vw, 1024px\" \/><figcaption class=\"wp-element-caption\"><code>Foto: Corinna Maatje<\/code><\/figcaption><\/figure>\n\n\n\n<p>Wie in den Vorjahren lautete das Motto des Festivals: \u201eWi s\u00fcnd de Tokunft\u201c.Moderatorin Martina Br\u00fcnjes begr\u00fc\u00dfte B\u00fcrgermeister Werner Schraer, Willi Jansen, Vorsitzender des Kolping Theaters und NBB Pr\u00e4sident Arnold Preu\u00df, der das Festival er\u00f6ffnete. Ein Gru\u00dfwort des Ministers f\u00fcr Wissenschaft und Kultur, Falko Mohrs, erreichte die Er\u00f6ffnung mit einer Videobotschaft. Das Kolping Theater Hasel\u00fcnne, die mit den \u201eJ\u00fcngsten\u201c anwesend waren, zeigten das St\u00fcck \u201eDe Koh Rosmarie\u201c von Andri Beyerle, in der plattdeutschen Fassung von Cornelia Ehlers. Die Speileitung lag in den H\u00e4nden von Hildegard Hinrichs und Sophie Sandhaus. In dem Familienst\u00fcck dreht sich alles um die Kuh, die alle mit ihren Ratschl\u00e4gen schier \u201ein den Wahnsinn treibt\u201c, es doch aber eigentlich nur gut meint. Das St\u00fcck f\u00fcr Jung und Alt erz\u00e4hlte tierisch humorvoll von den Schwierigkeiten des Miteinanders und der positiven Kraft der Toleranz. In tollen Kost\u00fcmen und passend geschminkt zeigte der Kolping-Nachwuchs sein k\u00f6nnen und begeisterte bereits am ersten Abend das Publikum. Besonders die Tanzeinlagen kamen gut an, sodass es zum Ende niemandem mehr auf den St\u00fchlen hielt.<\/p>\n\n\n\n<figure class=\"wp-block-image size-large\"><img decoding=\"async\" loading=\"lazy\" width=\"1024\" height=\"683\" src=\"http:\/\/xn--kolping-theater-haselnne-gtc.de\/wp-content\/uploads\/2023\/10\/Haseluenne-De-Koh-Rosmarie-01-1-1024x683.jpg\" alt=\"\" class=\"wp-image-396\" srcset=\"https:\/\/xn--kolping-theater-haselnne-gtc.de\/wp-content\/uploads\/2023\/10\/Haseluenne-De-Koh-Rosmarie-01-1-1024x683.jpg 1024w, https:\/\/xn--kolping-theater-haselnne-gtc.de\/wp-content\/uploads\/2023\/10\/Haseluenne-De-Koh-Rosmarie-01-1-300x200.jpg 300w, https:\/\/xn--kolping-theater-haselnne-gtc.de\/wp-content\/uploads\/2023\/10\/Haseluenne-De-Koh-Rosmarie-01-1-768x512.jpg 768w, https:\/\/xn--kolping-theater-haselnne-gtc.de\/wp-content\/uploads\/2023\/10\/Haseluenne-De-Koh-Rosmarie-01-1-1536x1024.jpg 1536w, https:\/\/xn--kolping-theater-haselnne-gtc.de\/wp-content\/uploads\/2023\/10\/Haseluenne-De-Koh-Rosmarie-01-1-2048x1365.jpg 2048w, https:\/\/xn--kolping-theater-haselnne-gtc.de\/wp-content\/uploads\/2023\/10\/Haseluenne-De-Koh-Rosmarie-01-1-750x500.jpg 750w\" sizes=\"(max-width: 1024px) 100vw, 1024px\" \/><figcaption class=\"wp-element-caption\">Foto: Olaf Preuschoff<\/figcaption><\/figure>\n\n\n\n<p>Am Samstagmorgen zeigte die Theaterschule des \u201eTheater am Meer\u201c Wilhelmshaven \u201eDat verr\u00fcckte M\u00e4rkenland\u201c. In dem es sich um die Sonderabteilung eines Krankenhauses (Wilhelmshaven) drehte, in dem Menschen aufgenommen werden, die glauben, sie seien M\u00e4rchenfiguren.<\/p>\n\n\n\n<p>Skurril und m\u00e4rchenhaft ging es dann weiter: \u201eDat Geheemnis \u00fcm Manfred\u201c, eine Mutprobe, ein verlassenes Haus, eine Clique und die Frage: Wer ist eigentlich Manfred? Eine spannende Auff\u00fchrung von den \u201eJungs un Deerns\u201c aus Delmenhorst.<\/p>\n\n\n\n<figure class=\"wp-block-image size-large\"><img decoding=\"async\" loading=\"lazy\" width=\"1024\" height=\"683\" src=\"http:\/\/xn--kolping-theater-haselnne-gtc.de\/wp-content\/uploads\/2023\/10\/Delmenhorst-Dat-Stress-laat-na-Projekt-01-1024x683.jpg\" alt=\"\" class=\"wp-image-393\" srcset=\"https:\/\/xn--kolping-theater-haselnne-gtc.de\/wp-content\/uploads\/2023\/10\/Delmenhorst-Dat-Stress-laat-na-Projekt-01-1024x683.jpg 1024w, https:\/\/xn--kolping-theater-haselnne-gtc.de\/wp-content\/uploads\/2023\/10\/Delmenhorst-Dat-Stress-laat-na-Projekt-01-300x200.jpg 300w, https:\/\/xn--kolping-theater-haselnne-gtc.de\/wp-content\/uploads\/2023\/10\/Delmenhorst-Dat-Stress-laat-na-Projekt-01-768x512.jpg 768w, https:\/\/xn--kolping-theater-haselnne-gtc.de\/wp-content\/uploads\/2023\/10\/Delmenhorst-Dat-Stress-laat-na-Projekt-01-1536x1024.jpg 1536w, https:\/\/xn--kolping-theater-haselnne-gtc.de\/wp-content\/uploads\/2023\/10\/Delmenhorst-Dat-Stress-laat-na-Projekt-01-2048x1365.jpg 2048w, https:\/\/xn--kolping-theater-haselnne-gtc.de\/wp-content\/uploads\/2023\/10\/Delmenhorst-Dat-Stress-laat-na-Projekt-01-750x500.jpg 750w\" sizes=\"(max-width: 1024px) 100vw, 1024px\" \/><figcaption class=\"wp-element-caption\">Foto: Olaf Preuschoff<\/figcaption><\/figure>\n\n\n\n<p>Die \u201ePlattm\u00fc\u00fcs\u201c vom TiO (Theater in OHZ) beeindruckten nicht nur mit dem Kinderst\u00fcck \u201eDat Leven der bes\u00fcnneren Hilletje Jans\u201c von Ad de Bont und Allan Zipson, sondern auch mit einer interessanten und eher minimalistischen B\u00fchnenausstattung.<\/p>\n\n\n\n<p>Zauberhafte Tiere des Waldes pr\u00e4sentierte die Theaterschule aus Neuenburg. Ein kunterbuntes, lustiges, wie auch ernstes St\u00fcck \u00fcber Zusammenhalt, Freundschaft und Gesellschaft, in der wir heute leben.<\/p>\n\n\n\n<p>Die Jugendtheaterwerkstatt der Niederdeutschen B\u00fchne Varel zeichnete in einer selbst geschrieben Fassung von \u201eIk b\u00fcn Alice\u201c ein Bild der menschlichen Zerst\u00f6rung durch Drogen, Hass und Gewalt. Eindrucksvoll der Monolog \u201eAngst\u201c und die eingesetzten theatralischen Stilelemente wie B\u00fchne, Video und Ton.<\/p>\n\n\n\n<figure class=\"wp-block-image size-large\"><img decoding=\"async\" loading=\"lazy\" width=\"1024\" height=\"683\" src=\"http:\/\/xn--kolping-theater-haselnne-gtc.de\/wp-content\/uploads\/2023\/10\/Varel-Ik-buen-Alice-02-1024x683.jpg\" alt=\"\" class=\"wp-image-394\" srcset=\"https:\/\/xn--kolping-theater-haselnne-gtc.de\/wp-content\/uploads\/2023\/10\/Varel-Ik-buen-Alice-02-1024x683.jpg 1024w, https:\/\/xn--kolping-theater-haselnne-gtc.de\/wp-content\/uploads\/2023\/10\/Varel-Ik-buen-Alice-02-300x200.jpg 300w, https:\/\/xn--kolping-theater-haselnne-gtc.de\/wp-content\/uploads\/2023\/10\/Varel-Ik-buen-Alice-02-768x512.jpg 768w, https:\/\/xn--kolping-theater-haselnne-gtc.de\/wp-content\/uploads\/2023\/10\/Varel-Ik-buen-Alice-02-1536x1024.jpg 1536w, https:\/\/xn--kolping-theater-haselnne-gtc.de\/wp-content\/uploads\/2023\/10\/Varel-Ik-buen-Alice-02-2048x1365.jpg 2048w, https:\/\/xn--kolping-theater-haselnne-gtc.de\/wp-content\/uploads\/2023\/10\/Varel-Ik-buen-Alice-02-750x500.jpg 750w\" sizes=\"(max-width: 1024px) 100vw, 1024px\" \/><figcaption class=\"wp-element-caption\">Foto: Olaf Preuschoff<\/figcaption><\/figure>\n\n\n\n<p>Das auch Stress kein guter Begleiter ist zeigten die \u201eJungen L\u00fc\u00fc\u201c des NT Delmenhorst. Geschickt eingesetzte R\u00fcckblenden und Zeitraffer machten auch diese Inszenierung zu einem Theatererlebnis. Ein Workshop \u201eSingen mit Christel Spitzer\u201c, \u201eTheaterspielen mit Martina Br\u00fcnjes\u201c und diverse Freizeitaktivit\u00e4ten wie z.B. Karaoke und Ballspiele rundeten das Programm des Jugendtheaterfestivals ab.<\/p>\n\n\n\n<p>Ein besonderer Dank gilt den Kindern und Jugendlichen der Theatergruppen f\u00fcr ihr Engagement in den Produktionen, f\u00fcr ihre Freude am Theaterspiel, f\u00fcr ihre unb\u00e4ndige \u201eKaraokeleidenschaft\u201c und f\u00fcr ihre Lust, der niederdeutschen Sprache durch ihr Theaterspielen eine Zukunft zu geben.<\/p>\n\n\n\n<p><\/p>\n\n\n\n<p><\/p>\n\n\n\n<h2 class=\"wp-block-heading\"><\/h2>\n","protected":false},"excerpt":{"rendered":"<p>Jugendtheaterfestival 2025 Arnold Preu\u00df, Pr\u00e4sident der NBB, begr\u00fc\u00dfte am Freitag den 27.6.25 \u00fcber 120 Jugendliche und Betreuer, die sich auf Gut Sandbeck, sehr gut von unheimlich netten und hilfsbereiten Mitgliedern des TiO, betreut f\u00fchlten.Es waren sechs interessante, phantasievolle und sehr unterhaltsame Inszenierungen der B\u00fchnen aus Osterholz-Scharmbeck, Neuenburg, Emden, Nordenham, Hasel\u00fcnne und Aurich, sowie drei Workshops &hellip; <\/p>\n<p><a class=\"more-link btn\" href=\"https:\/\/xn--kolping-theater-haselnne-gtc.de\/?page_id=334\">Weiterlesen<\/a><\/p>\n","protected":false},"author":1,"featured_media":0,"parent":0,"menu_order":0,"comment_status":"closed","ping_status":"closed","template":"","meta":{"_price":"","_stock":"","_tribe_ticket_header":"","_tribe_default_ticket_provider":"","_tribe_ticket_capacity":"0","_ticket_start_date":"","_ticket_end_date":"","_tribe_ticket_show_description":"","_tribe_ticket_show_not_going":false,"_tribe_ticket_use_global_stock":"","_tribe_ticket_global_stock_level":"","_global_stock_mode":"","_global_stock_cap":"","_tribe_rsvp_for_event":"","_tribe_ticket_going_count":"","_tribe_ticket_not_going_count":"","_tribe_tickets_list":"[]","_tribe_ticket_has_attendee_info_fields":false,"footnotes":"[]","_tec_slr_enabled":"","_tec_slr_layout":""},"ticketed":false,"_links":{"self":[{"href":"https:\/\/xn--kolping-theater-haselnne-gtc.de\/index.php?rest_route=\/wp\/v2\/pages\/334"}],"collection":[{"href":"https:\/\/xn--kolping-theater-haselnne-gtc.de\/index.php?rest_route=\/wp\/v2\/pages"}],"about":[{"href":"https:\/\/xn--kolping-theater-haselnne-gtc.de\/index.php?rest_route=\/wp\/v2\/types\/page"}],"author":[{"embeddable":true,"href":"https:\/\/xn--kolping-theater-haselnne-gtc.de\/index.php?rest_route=\/wp\/v2\/users\/1"}],"replies":[{"embeddable":true,"href":"https:\/\/xn--kolping-theater-haselnne-gtc.de\/index.php?rest_route=%2Fwp%2Fv2%2Fcomments&post=334"}],"version-history":[{"count":6,"href":"https:\/\/xn--kolping-theater-haselnne-gtc.de\/index.php?rest_route=\/wp\/v2\/pages\/334\/revisions"}],"predecessor-version":[{"id":659,"href":"https:\/\/xn--kolping-theater-haselnne-gtc.de\/index.php?rest_route=\/wp\/v2\/pages\/334\/revisions\/659"}],"wp:attachment":[{"href":"https:\/\/xn--kolping-theater-haselnne-gtc.de\/index.php?rest_route=%2Fwp%2Fv2%2Fmedia&parent=334"}],"curies":[{"name":"wp","href":"https:\/\/api.w.org\/{rel}","templated":true}]}}