{"id":289,"date":"2023-09-03T13:18:48","date_gmt":"2023-09-03T13:18:48","guid":{"rendered":"http:\/\/xn--kolping-theater-haselnne-gtc.de\/?page_id=289"},"modified":"2025-11-07T09:23:28","modified_gmt":"2025-11-07T09:23:28","slug":"aktuelles","status":"publish","type":"page","link":"https:\/\/xn--kolping-theater-haselnne-gtc.de\/?page_id=289","title":{"rendered":"Aktuelles"},"content":{"rendered":"\n<h2 class=\"wp-block-heading has-luminous-vivid-amber-background-color has-background\">\ud83c\udfad Vorhang auf f\u00fcr die neue Theatersaison!<\/h2>\n\n\n\n<p>Kolpingtheater Hasel\u00fcnne startet mit der Kom\u00f6die \u201eK\u00fcmmt noch wat?\u201c<\/p>\n\n\n\n<figure class=\"wp-block-image size-large is-resized\"><img decoding=\"async\" loading=\"lazy\" width=\"1024\" height=\"577\" src=\"https:\/\/xn--kolping-theater-haselnne-gtc.de\/wp-content\/uploads\/2025\/11\/1000064745-1-1024x577.jpg\" alt=\"\" class=\"wp-image-676\" style=\"aspect-ratio:1.7761989342806395;width:556px;height:auto\" srcset=\"https:\/\/xn--kolping-theater-haselnne-gtc.de\/wp-content\/uploads\/2025\/11\/1000064745-1-1024x577.jpg 1024w, https:\/\/xn--kolping-theater-haselnne-gtc.de\/wp-content\/uploads\/2025\/11\/1000064745-1-300x169.jpg 300w, https:\/\/xn--kolping-theater-haselnne-gtc.de\/wp-content\/uploads\/2025\/11\/1000064745-1-768x432.jpg 768w, https:\/\/xn--kolping-theater-haselnne-gtc.de\/wp-content\/uploads\/2025\/11\/1000064745-1-1536x865.jpg 1536w, https:\/\/xn--kolping-theater-haselnne-gtc.de\/wp-content\/uploads\/2025\/11\/1000064745-1-2048x1153.jpg 2048w, https:\/\/xn--kolping-theater-haselnne-gtc.de\/wp-content\/uploads\/2025\/11\/1000064745-1-1140x642.jpg 1140w\" sizes=\"(max-width: 1024px) 100vw, 1024px\" \/><\/figure>\n\n\n\n<p>Mit viel Spielfreude, plattdeutschem Charme und einer gro\u00dfen Portion Humor startet das Kolpingtheater Hasel\u00fcnne in die neue Theatersaison 2026. In diesem Jahr bringen die engagierten Laienschauspielerinnen und -schauspieler die Kom\u00f6die \u201eK\u00fcmmt noch wat?\u201c von R\u00fcdiger Kramer in der plattdeutschen Fassung von Heino Buerhoop auf die B\u00fchne des Kolpinghauses.<\/p>\n\n\n\n<p>Im Mittelpunkt steht Erwin Krummbiegel, gespielt von Engelbert Tebben, der als Rentner mit sich und seinem Leben hadert. Der fr\u00fchere Motorradfan fragt sich: \u201eWar\u2019s das? Oder k\u00fcmmt noch wat?\u201c<\/p>\n\n\n\n<p>Gemeinsam mit seinem alten Kumpel Kurt Snieder (gespielt von Mattis R\u00fcschen) schmiedet er Pl\u00e4ne f\u00fcr eine gro\u00dfe Motorradtour durch die USA \u2013 ein letztes Abenteuer im Alter. Doch die Frauen in ihrem Umfeld haben ganz andere Vorstellungen: Schw\u00e4gerin Henny Scholle (Heike W\u00fcbben) m\u00f6chte Erwin lieber beh\u00fctet daheim wissen, w\u00e4hrend Nachbarin Doris Schwarz (Franziska Leigers) ihren Kurt ungern ziehen l\u00e4sst. Und als dann auch noch die junge Pflegerin Milena Jablonsky (Dagmar Schl\u00fcwe) ins Spiel kommt, ist das Chaos perfekt.<\/p>\n\n\n\n<p>Unter der Regie von Elisabeth Tebben verspricht das St\u00fcck jede Menge Situationskomik, plattdeutsche Lebensweisheiten und herzerw\u00e4rmende Momente \u2013 ganz so, wie es die Zuschauerinnen und Zuschauer vom Kolpingtheater Hasel\u00fcnne kennen und lieben.<\/p>\n\n\n\n<p>Das Kolpingtheater freut sich auf eine neue, humorvolle Saison und zahlreiche G\u00e4ste, die gemeinsam mit den Darstellerinnen und Darstellern wieder herzhaft lachen d\u00fcrfen \u2013 ganz nach dem Motto: \u201eMan is so alt, as man sik f\u00f6hlt \u2013 un k\u00fcmmt allens wedder!\u201c<\/p>\n\n\n\n<h2 class=\"wp-block-heading has-luminous-vivid-amber-background-color has-background\">\u201eDat l\u00f6pp!\u201c<\/h2>\n\n\n\n<figure class=\"wp-block-image size-large\"><img decoding=\"async\" loading=\"lazy\" width=\"1024\" height=\"577\" src=\"https:\/\/xn--kolping-theater-haselnne-gtc.de\/wp-content\/uploads\/2025\/11\/Foto1-1-1024x577.jpg\" alt=\"\" class=\"wp-image-648\" srcset=\"https:\/\/xn--kolping-theater-haselnne-gtc.de\/wp-content\/uploads\/2025\/11\/Foto1-1-1024x577.jpg 1024w, https:\/\/xn--kolping-theater-haselnne-gtc.de\/wp-content\/uploads\/2025\/11\/Foto1-1-300x169.jpg 300w, https:\/\/xn--kolping-theater-haselnne-gtc.de\/wp-content\/uploads\/2025\/11\/Foto1-1-768x432.jpg 768w, https:\/\/xn--kolping-theater-haselnne-gtc.de\/wp-content\/uploads\/2025\/11\/Foto1-1-1536x865.jpg 1536w, https:\/\/xn--kolping-theater-haselnne-gtc.de\/wp-content\/uploads\/2025\/11\/Foto1-1-2048x1153.jpg 2048w, https:\/\/xn--kolping-theater-haselnne-gtc.de\/wp-content\/uploads\/2025\/11\/Foto1-1-1140x642.jpg 1140w\" sizes=\"(max-width: 1024px) 100vw, 1024px\" \/><\/figure>\n\n\n\n<p>Kolpingtheater Hasel\u00fcnne feiert 125-j\u00e4hriges Jubil\u00e4um<\/p>\n\n\n\n<p>Das Kolpingtheater Hasel\u00fcnne feierte sein 125-j\u00e4hriges Bestehen in einer stimmungsvollen Feierstunde im Kolpinghaus. Zu den G\u00e4sten z\u00e4hlten sowohl aktive als auch ehemalige Mitglieder der Theatergruppe, die von der neuen Leiterin Elisabeth Tebben herzlich begr\u00fc\u00dft wurden.<\/p>\n\n\n\n<p>Elisabeth Tebben er\u00f6ffnete die Feierlichkeiten mit einer Begr\u00fc\u00dfung, in der sie klarmachte: \u201eSeit den Anf\u00e4ngen unseres Theaters ist es unser Ziel, die plattdeutsche Sprache zu pflegen und zu erhalten. Vor allem aber wollen wir unserem Publikum stets eine unvergessliche und unterhaltsame Zeit bereiten.\u201c<\/p>\n\n\n\n<figure class=\"wp-block-image size-large is-resized\"><img decoding=\"async\" loading=\"lazy\" width=\"1024\" height=\"577\" src=\"https:\/\/xn--kolping-theater-haselnne-gtc.de\/wp-content\/uploads\/2025\/11\/Foto3-5-1024x577.jpg\" alt=\"\" class=\"wp-image-649\" style=\"aspect-ratio:1.7761989342806395;width:660px;height:auto\" srcset=\"https:\/\/xn--kolping-theater-haselnne-gtc.de\/wp-content\/uploads\/2025\/11\/Foto3-5-1024x577.jpg 1024w, https:\/\/xn--kolping-theater-haselnne-gtc.de\/wp-content\/uploads\/2025\/11\/Foto3-5-300x169.jpg 300w, https:\/\/xn--kolping-theater-haselnne-gtc.de\/wp-content\/uploads\/2025\/11\/Foto3-5-768x432.jpg 768w, https:\/\/xn--kolping-theater-haselnne-gtc.de\/wp-content\/uploads\/2025\/11\/Foto3-5-1536x865.jpg 1536w, https:\/\/xn--kolping-theater-haselnne-gtc.de\/wp-content\/uploads\/2025\/11\/Foto3-5-2048x1153.jpg 2048w, https:\/\/xn--kolping-theater-haselnne-gtc.de\/wp-content\/uploads\/2025\/11\/Foto3-5-1140x642.jpg 1140w\" sizes=\"(max-width: 1024px) 100vw, 1024px\" \/><\/figure>\n\n\n\n<p>Ein besonderes Highlight des Abends war die Premiere des neuen Jugendst\u00fccks \u201eFlotte Lotte und eine Vase zu viel\u201c. Die zw\u00f6lf Nachwuchsschauspielerinnen und -schauspieler, von denen acht auf Plattdeutsch spielten, sorgten mit viel Spielfreude und Witz f\u00fcr ausgelassene Stimmung. Das Publikum wurde aktiv ins Geschehen einbezogen und durfte eifrig mitraten, was wohl mit der verschwundenen Vase passiert war. Viele Lacher, Spannung und tosender Applaus begleiteten das St\u00fcck.<\/p>\n\n\n\n<p>B\u00fcrgermeister Werner Schr\u00e4er w\u00fcrdigte anschlie\u00dfend in seinem Gru\u00dfwort die Theatergruppe: \u201eDas Kolpingtheater ist eine Bereicherung f\u00fcr die Stadt Hasel\u00fcnne.\u201c Er dankte allen Mitgliedern f\u00fcr ihr gro\u00dfes Engagement und die wunderbare Gemeinschaft, die auch hinter der B\u00fchne sp\u00fcrbar sei. In seiner Rede lobte Schr\u00e4er besonders das langj\u00e4hrige Wirken von Willi Jansen und erz\u00e4hlte mit einem Augenzwinkern, dass Jansen bei der Auswahl der St\u00fccke doch eher seine Frau Brigitte die Z\u00fcgel in der Hand habe lassen \u2013 sehr zur Belustigung der G\u00e4ste.<\/p>\n\n\n\n<p>Herwig Dust, Vizepr\u00e4sident des Niederdeutschen B\u00fchnenbundes, erg\u00e4nzte: \u201eMit 125 Jahren ist das Kolpingtheater das \u00e4lteste Theater im niederdeutschen Raum. Es pr\u00e4gt das kulturelle Leben seit jeher \u2013 herzlichen Gl\u00fcckwunsch zu diesem Jubil\u00e4um. Wir freuen uns auf viele weitere Jahre!\u201c<\/p>\n\n\n\n<p>Auch Hildegard Hinrichs von der Arbeitsgemeinschaft Plattdeutsches Theater Emsland\/Grafschaft Bentheim zeigte sich begeistert: \u201eDat l\u00f6pp! Ich freue mich sehr, dass ich das Jugendtheater von Anfang an begleiten durfte. Die Gr\u00fcndung der Jugendgruppe ist ein gro\u00dfer Gewinn f\u00fcr das Kolpingtheater.\u201c<\/p>\n\n\n\n<p>Ein besonders ber\u00fchrender Moment folgte, als Ulrich H\u00f6gemann das Wort ergriff: \u201eDieses Jubil\u00e4um ist viel mehr als die Summe der Jahre. Es steckt voller herzlicher Momente, voller Begegnungen der Generationen und von echtem Herzblut.\u201c In einer bewegenden Rede w\u00fcrdigte er im Anschluss den scheidenden Theaterleiter Willi Jansen, der das Zepter nun an Elisabeth Tebben \u00fcbergab. Jansen, seit 1981 Mitglied und seit 2001 Regisseur, erhielt minutenlangen Applaus und stehende Ovationen f\u00fcr seine langj\u00e4hrige Arbeit.<\/p>\n\n\n<div class=\"wp-block-image\">\n<figure class=\"alignright size-large is-resized\"><img decoding=\"async\" loading=\"lazy\" width=\"1024\" height=\"577\" src=\"https:\/\/xn--kolping-theater-haselnne-gtc.de\/wp-content\/uploads\/2025\/11\/Foto2-3-1024x577.jpg\" alt=\"\" class=\"wp-image-653\" style=\"aspect-ratio:1.7761989342806395;width:712px;height:auto\" srcset=\"https:\/\/xn--kolping-theater-haselnne-gtc.de\/wp-content\/uploads\/2025\/11\/Foto2-3-1024x577.jpg 1024w, https:\/\/xn--kolping-theater-haselnne-gtc.de\/wp-content\/uploads\/2025\/11\/Foto2-3-300x169.jpg 300w, https:\/\/xn--kolping-theater-haselnne-gtc.de\/wp-content\/uploads\/2025\/11\/Foto2-3-768x432.jpg 768w, https:\/\/xn--kolping-theater-haselnne-gtc.de\/wp-content\/uploads\/2025\/11\/Foto2-3-1536x865.jpg 1536w, https:\/\/xn--kolping-theater-haselnne-gtc.de\/wp-content\/uploads\/2025\/11\/Foto2-3-2048x1153.jpg 2048w, https:\/\/xn--kolping-theater-haselnne-gtc.de\/wp-content\/uploads\/2025\/11\/Foto2-3-1140x642.jpg 1140w\" sizes=\"(max-width: 1024px) 100vw, 1024px\" \/><\/figure><\/div>\n\n\n<p>Alle f\u00fcnf Rednerinnen und Redner hoben in ihren Beitr\u00e4gen die herausragende Arbeit und das au\u00dfergew\u00f6hnliche Engagement von Willi Jansen hervor. Sein unerm\u00fcdlicher Einsatz, seine Kreativit\u00e4t und sein Herzblut f\u00fcr das Theater wurden besonders gelobt und sorgten f\u00fcr viele anerkennende Blicke und Applaus im Publikum.<\/p>\n\n\n\n<figure class=\"wp-block-gallery alignright has-nested-images columns-default is-cropped wp-block-gallery-1 is-layout-flex wp-block-gallery-is-layout-flex\"><\/figure>\n\n\n\n<p>Willi Jansen selbst nahm die Ehrung mit Dankbarkeit an: \u201eDie Theaterzeit war vermutlich die sch\u00f6nste Zeit meines Lebens. Doch ohne die stetige Unterst\u00fctzung seiner Frau Brigitte w\u00e4re das alles nicht m\u00f6glich gewesen. Theater sei war zwar nicht immer einfach, aber immer voller Freude f\u00fcr ihn gewesen. Und er appellierte \u201eWenn man klar im Kopf ist, kann man sein Leben lang Theater spielen.\u201c<\/p>\n\n\n\n<p>Nach diesen emotionalen Momenten lie\u00df das Kolpingtheater den Abend gem\u00fctlich ausklingen. Mitglieder und G\u00e4ste tauschten Geschichten, Anekdoten und Erinnerungen aus \u2013 ein w\u00fcrdiger Abschluss eines Jubil\u00e4ums, das die Vielfalt und Lebendigkeit des Theaters in Hasel\u00fcnne eindrucksvoll unterstrich.<\/p>\n\n\n\n<h2 class=\"wp-block-heading has-luminous-vivid-amber-background-color has-background\">Jugendtheaterfestival 2024 ein voller Erfolg<\/h2>\n\n\n\n<p><\/p>\n\n\n\n<figure class=\"wp-block-image size-large\"><img decoding=\"async\" loading=\"lazy\" width=\"1024\" height=\"379\" src=\"http:\/\/xn--kolping-theater-haselnne-gtc.de\/wp-content\/uploads\/2024\/07\/JTF22024-2048x757-1-1024x379.jpg\" alt=\"\" class=\"wp-image-604\" srcset=\"https:\/\/xn--kolping-theater-haselnne-gtc.de\/wp-content\/uploads\/2024\/07\/JTF22024-2048x757-1-1024x379.jpg 1024w, https:\/\/xn--kolping-theater-haselnne-gtc.de\/wp-content\/uploads\/2024\/07\/JTF22024-2048x757-1-300x111.jpg 300w, https:\/\/xn--kolping-theater-haselnne-gtc.de\/wp-content\/uploads\/2024\/07\/JTF22024-2048x757-1-768x284.jpg 768w, https:\/\/xn--kolping-theater-haselnne-gtc.de\/wp-content\/uploads\/2024\/07\/JTF22024-2048x757-1-1536x568.jpg 1536w, https:\/\/xn--kolping-theater-haselnne-gtc.de\/wp-content\/uploads\/2024\/07\/JTF22024-2048x757-1-1140x421.jpg 1140w, https:\/\/xn--kolping-theater-haselnne-gtc.de\/wp-content\/uploads\/2024\/07\/JTF22024-2048x757-1.jpg 2048w\" sizes=\"(max-width: 1024px) 100vw, 1024px\" \/><\/figure>\n\n\n\n<p>\u201eWi s\u00fcnd de Tokunft\u201c \u2013 unter diesem Motto stand das 14. Jugendtheaterfestival des Niederdeutschen B\u00fchnenbundes Niedersachsen und Bremen (B\u00fchnenbund), das vom 14. bis zum 16. Juni 2024 in Neuenburg statt fand und an dem auch wieder das Kindertheater des Kolpingtheaters Hasel\u00fcnne teilnahmen. Einen Ausf\u00fchrlichen Bericht sowie Fotos gibt es <a href=\"https:\/\/xn--kolping-theater-haselnne-gtc.de\/?page_id=334\" data-type=\"link\" data-id=\"https:\/\/xn--kolping-theater-haselnne-gtc.de\/?page_id=334\">HIER!<\/a><\/p>\n\n\n\n<p class=\"has-luminous-vivid-amber-background-color has-background has-larger-font-size\"><strong>Kolpinger starten im Januar in die Theatersaison<\/strong><\/p>\n\n\n\n<figure class=\"wp-block-image size-large\"><img decoding=\"async\" loading=\"lazy\" width=\"1024\" height=\"683\" src=\"http:\/\/xn--kolping-theater-haselnne-gtc.de\/wp-content\/uploads\/2023\/11\/IMG_1534-1024x683.jpg\" alt=\"\" class=\"wp-image-491\" srcset=\"https:\/\/xn--kolping-theater-haselnne-gtc.de\/wp-content\/uploads\/2023\/11\/IMG_1534-1024x683.jpg 1024w, https:\/\/xn--kolping-theater-haselnne-gtc.de\/wp-content\/uploads\/2023\/11\/IMG_1534-300x200.jpg 300w, https:\/\/xn--kolping-theater-haselnne-gtc.de\/wp-content\/uploads\/2023\/11\/IMG_1534-768x512.jpg 768w, https:\/\/xn--kolping-theater-haselnne-gtc.de\/wp-content\/uploads\/2023\/11\/IMG_1534-1536x1024.jpg 1536w, https:\/\/xn--kolping-theater-haselnne-gtc.de\/wp-content\/uploads\/2023\/11\/IMG_1534-2048x1365.jpg 2048w, https:\/\/xn--kolping-theater-haselnne-gtc.de\/wp-content\/uploads\/2023\/11\/IMG_1534-750x500.jpg 750w\" sizes=\"(max-width: 1024px) 100vw, 1024px\" \/><\/figure>\n\n\n\n<p><\/p>\n\n\n\n<p>\u201eDat geiht wedder los!\u201c Ab Januar stehen die Schauspieler des Kolpingtheaters Hasel\u00fcnne wieder auf der B\u00fchne und pr\u00e4sentieren ihr aktuelles St\u00fcck \u201eSp\u00f6kenkieker\u201c von Ralph Wallner. Ein absolut lustiger und humorvoller Schwank, der gekonnt mit witzig-makabren Situationen das Publikum im wahrsten Sinne des Wortes be&#8220;geistern&#8220; wird.<\/p>\n\n\n\n<p>Doch worum geht es?<\/p>\n\n\n\n<p>Hein Sumpfler genannt Spitt und sein Bruder Jan Sumpfler genannt Schupp sind zwei skurrile, aber lustige Totengr\u00e4ber im tristen Malle Moor, die gerade so ihr Auskommen haben. Sie haben einen schr\u00e4gen Humor, essen mit den Fingern, trinken jeden Fusel und waschen sich eher selten.<\/p>\n\n\n\n<p>Als in einem offiziellen Schreiben mitgeteilt wird, dass den beiden Totengr\u00e4bern ab sofort der monatliche Pauschal-Lohn entzogen wird und sie nur noch pro Begr\u00e4bnis bezahlt werden, haben Spitt und Schupp ganz handfeste Sorgen. Wie sollen sie \u00fcberleben? Den Kummer \u00fcber ihr tristes Dasein ertr\u00e4nken beide in der heruntergekommenen Wirtschaft von Rosa Moderer. Dort kommt ihnen &#8211; auch durch das zuf\u00e4llige Auftauchen einer Weinflasche voller Gift &#8211; die rettende Idee zur Aufbesserung ihrer desolaten Finanzlage. Als die im Dorf bekannte und verr\u00fcckte Antonia zeitgleich auch noch einen heftigen Fluch ausspricht, werden der Spitt und der Schupp auf der Stelle erfinderisch.<\/p>\n\n\n\n<p>Zuviel sei nicht verraten, aber Gespenster sind viel menschlicher, als man denkt. Und der Ausdruck Qu\u00e4lgeister bekommt f\u00fcr die beiden Erdschaufler eine wahrhaft w\u00f6rtliche Bedeutung.<\/p>\n\n\n\n<p>Weitere Infos und Neueikeiten gibt es auch regem\u00e4\u00dfig auf den Socialmedia-Seiten des Kolpingtheaters:<\/p>\n\n\n\n<ul class=\"wp-block-social-links is-layout-flex wp-block-social-links-is-layout-flex\"><li class=\"wp-social-link wp-social-link-facebook  wp-block-social-link\"><a href=\"https:\/\/www.facebook.com\/people\/Kolping-Theater-Hasel%C3%BCnne\/100064499330310\/?locale=he_IL&#038;paipv=0&#038;eav=Afb2vWUTR4iyRSeu0ENKqAES8cqNMCXbwUXrXhCimdjUCeQP-DYQ3XfjmLkKdfupAFE&#038;_rdr\" class=\"wp-block-social-link-anchor\"><svg width=\"24\" height=\"24\" viewBox=\"0 0 24 24\" version=\"1.1\" xmlns=\"http:\/\/www.w3.org\/2000\/svg\" aria-hidden=\"true\" focusable=\"false\"><path d=\"M12 2C6.5 2 2 6.5 2 12c0 5 3.7 9.1 8.4 9.9v-7H7.9V12h2.5V9.8c0-2.5 1.5-3.9 3.8-3.9 1.1 0 2.2.2 2.2.2v2.5h-1.3c-1.2 0-1.6.8-1.6 1.6V12h2.8l-.4 2.9h-2.3v7C18.3 21.1 22 17 22 12c0-5.5-4.5-10-10-10z\"><\/path><\/svg><span class=\"wp-block-social-link-label screen-reader-text\">Facebook<\/span><\/a><\/li>\n\n<li class=\"wp-social-link wp-social-link-instagram  wp-block-social-link\"><a href=\"https:\/\/www.instagram.com\/kolping_theater_haseluenne\" class=\"wp-block-social-link-anchor\"><svg width=\"24\" height=\"24\" viewBox=\"0 0 24 24\" version=\"1.1\" xmlns=\"http:\/\/www.w3.org\/2000\/svg\" aria-hidden=\"true\" focusable=\"false\"><path d=\"M12,4.622c2.403,0,2.688,0.009,3.637,0.052c0.877,0.04,1.354,0.187,1.671,0.31c0.42,0.163,0.72,0.358,1.035,0.673 c0.315,0.315,0.51,0.615,0.673,1.035c0.123,0.317,0.27,0.794,0.31,1.671c0.043,0.949,0.052,1.234,0.052,3.637 s-0.009,2.688-0.052,3.637c-0.04,0.877-0.187,1.354-0.31,1.671c-0.163,0.42-0.358,0.72-0.673,1.035 c-0.315,0.315-0.615,0.51-1.035,0.673c-0.317,0.123-0.794,0.27-1.671,0.31c-0.949,0.043-1.233,0.052-3.637,0.052 s-2.688-0.009-3.637-0.052c-0.877-0.04-1.354-0.187-1.671-0.31c-0.42-0.163-0.72-0.358-1.035-0.673 c-0.315-0.315-0.51-0.615-0.673-1.035c-0.123-0.317-0.27-0.794-0.31-1.671C4.631,14.688,4.622,14.403,4.622,12 s0.009-2.688,0.052-3.637c0.04-0.877,0.187-1.354,0.31-1.671c0.163-0.42,0.358-0.72,0.673-1.035 c0.315-0.315,0.615-0.51,1.035-0.673c0.317-0.123,0.794-0.27,1.671-0.31C9.312,4.631,9.597,4.622,12,4.622 M12,3 C9.556,3,9.249,3.01,8.289,3.054C7.331,3.098,6.677,3.25,6.105,3.472C5.513,3.702,5.011,4.01,4.511,4.511 c-0.5,0.5-0.808,1.002-1.038,1.594C3.25,6.677,3.098,7.331,3.054,8.289C3.01,9.249,3,9.556,3,12c0,2.444,0.01,2.751,0.054,3.711 c0.044,0.958,0.196,1.612,0.418,2.185c0.23,0.592,0.538,1.094,1.038,1.594c0.5,0.5,1.002,0.808,1.594,1.038 c0.572,0.222,1.227,0.375,2.185,0.418C9.249,20.99,9.556,21,12,21s2.751-0.01,3.711-0.054c0.958-0.044,1.612-0.196,2.185-0.418 c0.592-0.23,1.094-0.538,1.594-1.038c0.5-0.5,0.808-1.002,1.038-1.594c0.222-0.572,0.375-1.227,0.418-2.185 C20.99,14.751,21,14.444,21,12s-0.01-2.751-0.054-3.711c-0.044-0.958-0.196-1.612-0.418-2.185c-0.23-0.592-0.538-1.094-1.038-1.594 c-0.5-0.5-1.002-0.808-1.594-1.038c-0.572-0.222-1.227-0.375-2.185-0.418C14.751,3.01,14.444,3,12,3L12,3z M12,7.378 c-2.552,0-4.622,2.069-4.622,4.622S9.448,16.622,12,16.622s4.622-2.069,4.622-4.622S14.552,7.378,12,7.378z M12,15 c-1.657,0-3-1.343-3-3s1.343-3,3-3s3,1.343,3,3S13.657,15,12,15z M16.804,6.116c-0.596,0-1.08,0.484-1.08,1.08 s0.484,1.08,1.08,1.08c0.596,0,1.08-0.484,1.08-1.08S17.401,6.116,16.804,6.116z\"><\/path><\/svg><span class=\"wp-block-social-link-label screen-reader-text\">Instagram<\/span><\/a><\/li><\/ul>\n\n\n\n<p><strong><u>Die Termine:<\/u><\/strong><\/p>\n\n\n\n<p class=\"has-large-font-size\"><strong>Kolpinghaus Hasel\u00fcnne<\/strong><\/p>\n\n\n\n<p>Freitag&nbsp;&nbsp;&nbsp;&nbsp;&nbsp;&nbsp;&nbsp;&nbsp;&nbsp;&nbsp;&nbsp;&nbsp;&nbsp;&nbsp;&nbsp;&nbsp; 05.01.2024&nbsp;&nbsp;&nbsp;&nbsp;&nbsp;&nbsp;&nbsp;&nbsp;&nbsp; 19:30 Uhr (Premiere mit anschlie\u00dfendem Sektempfang)<\/p>\n\n\n\n<p><em>Am Abend der Premiere gibt es die M\u00f6glichkeit vorab im Restaurant Kolpinghaus an einem kalt-warmen-Buffet teilzunehmen. Die Anmeldung ist beim regul\u00e4ren Kartenkauf m\u00f6glich (Kosten f\u00fcr Buffet: 22 Euro pro Person).<\/em><\/p>\n\n\n\n<p>Sonntag&nbsp;&nbsp;&nbsp;&nbsp;&nbsp;&nbsp;&nbsp;&nbsp;&nbsp;&nbsp;&nbsp;&nbsp;&nbsp;&nbsp; 07.01.2024&nbsp;&nbsp;&nbsp;&nbsp;&nbsp;&nbsp;&nbsp;&nbsp;&nbsp; 09:30 Uhr (Fr\u00fchst\u00fcckstheater)<\/p>\n\n\n\n<p><em>Hier gibt es die M\u00f6glichkeit vorab an einem Fr\u00fchst\u00fcck teilzunehmen. Die Anmeldung ist beim regul\u00e4ren Kartenkauf m\u00f6glich (Kosten f\u00fcr Buffet: 16 Euro pro Person).<\/em><\/p>\n\n\n\n<p>Sonntag&nbsp;&nbsp;&nbsp;&nbsp;&nbsp;&nbsp;&nbsp;&nbsp;&nbsp;&nbsp;&nbsp;&nbsp;&nbsp;&nbsp; 07.01.2024&nbsp;&nbsp;&nbsp;&nbsp;&nbsp;&nbsp;&nbsp;&nbsp;&nbsp; 19:00 Uhr<\/p>\n\n\n\n<p>Sonntag&nbsp;&nbsp;&nbsp;&nbsp;&nbsp;&nbsp;&nbsp;&nbsp;&nbsp;&nbsp;&nbsp;&nbsp;&nbsp;&nbsp; 14.01.2024&nbsp;&nbsp;&nbsp;&nbsp;&nbsp;&nbsp;&nbsp;&nbsp;&nbsp; 14:30 Uhr<\/p>\n\n\n\n<p>Sonntag&nbsp;&nbsp;&nbsp;&nbsp;&nbsp;&nbsp;&nbsp;&nbsp;&nbsp;&nbsp;&nbsp;&nbsp;&nbsp;&nbsp; 21.01.2024&nbsp;&nbsp;&nbsp;&nbsp;&nbsp;&nbsp;&nbsp;&nbsp;&nbsp; 19:00 Uhr<\/p>\n\n\n\n<p><\/p>\n\n\n\n<p class=\"has-large-font-size\"><strong>Heimathaus Wesuwe<\/strong><\/p>\n\n\n\n<p>Freitag&nbsp;&nbsp;&nbsp;&nbsp;&nbsp;&nbsp;&nbsp;&nbsp;&nbsp;&nbsp;&nbsp;&nbsp;&nbsp;&nbsp;&nbsp;&nbsp; 26.01.2024&nbsp;&nbsp;&nbsp;&nbsp;&nbsp;&nbsp;&nbsp;&nbsp;&nbsp; 19:30 Uhr<\/p>\n\n\n\n<p>Samstag&nbsp;&nbsp;&nbsp;&nbsp;&nbsp;&nbsp;&nbsp;&nbsp;&nbsp;&nbsp;&nbsp;&nbsp;&nbsp; 27.01.2024&nbsp;&nbsp;&nbsp;&nbsp;&nbsp;&nbsp;&nbsp;&nbsp;&nbsp; 19:30 Uhr<\/p>\n\n\n\n<p>Freitag&nbsp;&nbsp;&nbsp;&nbsp;&nbsp;&nbsp;&nbsp;&nbsp;&nbsp;&nbsp;&nbsp;&nbsp;&nbsp;&nbsp;&nbsp;&nbsp; 02.02.2024&nbsp;&nbsp;&nbsp;&nbsp;&nbsp;&nbsp;&nbsp;&nbsp;&nbsp; 19:30 Uhr<\/p>\n\n\n\n<p>Freitag&nbsp;&nbsp;&nbsp;&nbsp;&nbsp;&nbsp;&nbsp;&nbsp;&nbsp;&nbsp;&nbsp;&nbsp;&nbsp;&nbsp;&nbsp;&nbsp; 04.02.2024&nbsp;&nbsp;&nbsp;&nbsp;&nbsp;&nbsp;&nbsp;&nbsp;&nbsp; 14:30 Uhr<\/p>\n\n\n\n<p><\/p>\n\n\n\n<p class=\"has-large-font-size\"><strong>Theater an der Wilhelmsh\u00f6he in Lingen<\/strong><\/p>\n\n\n\n<p>Samstag&nbsp;&nbsp;&nbsp;&nbsp;&nbsp;&nbsp;&nbsp;&nbsp;&nbsp;&nbsp;&nbsp;&nbsp;&nbsp; 10.02.2024&nbsp;&nbsp;&nbsp;&nbsp;&nbsp;&nbsp;&nbsp;&nbsp;&nbsp; 20:00 Uhr<\/p>\n\n\n\n<p><\/p>\n\n\n\n<p class=\"has-large-font-size\"><strong>Heimathaus Teglingen<\/strong><\/p>\n\n\n\n<p>Freitag&nbsp;&nbsp;&nbsp;&nbsp;&nbsp;&nbsp;&nbsp;&nbsp;&nbsp;&nbsp;&nbsp;&nbsp;&nbsp;&nbsp;&nbsp;&nbsp; 16.02.2024&nbsp;&nbsp;&nbsp;&nbsp;&nbsp;&nbsp;&nbsp;&nbsp;&nbsp; 20:00 Uhr<\/p>\n\n\n\n<p>Sonntag&nbsp;&nbsp;&nbsp;&nbsp;&nbsp;&nbsp;&nbsp;&nbsp;&nbsp;&nbsp;&nbsp;&nbsp;&nbsp;&nbsp; 18.02.2024&nbsp;&nbsp;&nbsp;&nbsp;&nbsp;&nbsp;&nbsp;&nbsp;&nbsp; 14:30 Uhr<\/p>\n","protected":false},"excerpt":{"rendered":"<p>\ud83c\udfad Vorhang auf f\u00fcr die neue Theatersaison! Kolpingtheater Hasel\u00fcnne startet mit der Kom\u00f6die \u201eK\u00fcmmt noch wat?\u201c Mit viel Spielfreude, plattdeutschem Charme und einer gro\u00dfen Portion Humor startet das Kolpingtheater Hasel\u00fcnne in die neue Theatersaison 2026. In diesem Jahr bringen die engagierten Laienschauspielerinnen und -schauspieler die Kom\u00f6die \u201eK\u00fcmmt noch wat?\u201c von R\u00fcdiger Kramer in der plattdeutschen &hellip; <\/p>\n<p><a class=\"more-link btn\" href=\"https:\/\/xn--kolping-theater-haselnne-gtc.de\/?page_id=289\">Weiterlesen<\/a><\/p>\n","protected":false},"author":1,"featured_media":0,"parent":0,"menu_order":0,"comment_status":"closed","ping_status":"closed","template":"","meta":{"_price":"","_stock":"","_tribe_ticket_header":"","_tribe_default_ticket_provider":"","_tribe_ticket_capacity":"0","_ticket_start_date":"","_ticket_end_date":"","_tribe_ticket_show_description":"","_tribe_ticket_show_not_going":false,"_tribe_ticket_use_global_stock":"","_tribe_ticket_global_stock_level":"","_global_stock_mode":"","_global_stock_cap":"","_tribe_rsvp_for_event":"","_tribe_ticket_going_count":"","_tribe_ticket_not_going_count":"","_tribe_tickets_list":"[]","_tribe_ticket_has_attendee_info_fields":false,"footnotes":"","_tec_slr_enabled":"","_tec_slr_layout":""},"ticketed":false,"_links":{"self":[{"href":"https:\/\/xn--kolping-theater-haselnne-gtc.de\/index.php?rest_route=\/wp\/v2\/pages\/289"}],"collection":[{"href":"https:\/\/xn--kolping-theater-haselnne-gtc.de\/index.php?rest_route=\/wp\/v2\/pages"}],"about":[{"href":"https:\/\/xn--kolping-theater-haselnne-gtc.de\/index.php?rest_route=\/wp\/v2\/types\/page"}],"author":[{"embeddable":true,"href":"https:\/\/xn--kolping-theater-haselnne-gtc.de\/index.php?rest_route=\/wp\/v2\/users\/1"}],"replies":[{"embeddable":true,"href":"https:\/\/xn--kolping-theater-haselnne-gtc.de\/index.php?rest_route=%2Fwp%2Fv2%2Fcomments&post=289"}],"version-history":[{"count":9,"href":"https:\/\/xn--kolping-theater-haselnne-gtc.de\/index.php?rest_route=\/wp\/v2\/pages\/289\/revisions"}],"predecessor-version":[{"id":677,"href":"https:\/\/xn--kolping-theater-haselnne-gtc.de\/index.php?rest_route=\/wp\/v2\/pages\/289\/revisions\/677"}],"wp:attachment":[{"href":"https:\/\/xn--kolping-theater-haselnne-gtc.de\/index.php?rest_route=%2Fwp%2Fv2%2Fmedia&parent=289"}],"curies":[{"name":"wp","href":"https:\/\/api.w.org\/{rel}","templated":true}]}}