{"id":567,"date":"2024-06-13T10:20:33","date_gmt":"2024-06-13T10:20:33","guid":{"rendered":"https:\/\/xn--kolping-theater-haselnne-gtc.de\/?page_id=567"},"modified":"2024-06-13T11:19:55","modified_gmt":"2024-06-13T11:19:55","slug":"2015-2","status":"publish","type":"page","link":"http:\/\/xn--kolping-theater-haselnne-gtc.de\/?page_id=567","title":{"rendered":"2018-2023"},"content":{"rendered":"\n<p><\/p>\n\n\n\n<p><strong><em>2023<\/em><\/strong><\/p>\n\n\n\n<p><strong>De Sp\u00f6kenkieker<\/strong><\/p>\n\n\n\n<p>Das St\u00fcck selbst erz\u00e4hlt von den beiden Totengr\u00e4bern Hein Sumpfler genannt Spitt, gespielt von Dietmar Peters, und sein Bruder Jan Sumpfler genannt Schupp, gespielt von Andreas Josefus &#8211; zwei skurrile, aber lustige Artgenossen, die im tristen Malle Moor gerade so ihr Auskommen haben. Doch ger\u00e4t das zwar triste aber dennoch ruhige Leben aus der Bahn, als den beiden M\u00e4nnern in einem offiziellen Schreiben mitgeteilt wird, dass ihnen ab sofort der monatliche Pauschal-Lohn entzogen wird und sie nur noch pro Begr\u00e4bnis bezahlt werden. Wie sollen sie nun \u00fcberleben? Den Kummer und die Sorgen ertr\u00e4nken beide in der heruntergekommenen Wirtschaft von Rosa Moderer, gespielt von Monika Baldauf. Dort kommt ihnen &#8211; auch durch das zuf\u00e4llige Auftauchen einer Weinflasche voller Gift &#8211; die rettende Idee zur Aufbesserung ihrer desolaten Finanzlage. Als die im Dorf bekannte und verr\u00fcckte Antonia, gespielt von Sandra Rohe, zeitgleich auch noch einen heftigen Fluch ausspricht, werden der Spitt und der Schupp auf der Stelle erfinderisch. Doch schwirrt ihr schlechtes Gewissen in Form von Wirtin Rosa und Lisbeth Meischen, gespielt von Elisabeth Tebben, mit. Und der Ausdruck Qu\u00e4lgeister bekommt f\u00fcr die beiden Erdschaufler eine wahrhaft w\u00f6rtliche Bedeutung. Da helfen die guten Ratschl\u00e4ge von Schuster Erich Wetchen, gespielt von Engelbert Tebben, auch nicht viel weiter. Und Sch\u00f6nling Claus, gespielt von Klaus Hopster, hat auch nur noch seine Lena, gespielt von Heike W\u00fcbben, im Kopf. Wobei die beide \u201eQu\u00e4lgeister\u201c vielleicht auch hier den ein oder anderen \u201eSchubser\u201c geben m\u00fcssen.<\/p>\n\n\n\n<p>Das St\u00fcck selbst hat alles, was es zu einem Erfolg braucht: Sprachwitz, Dynamik, ein Qu\u00e4ntchen Moral und eine Portion wahre Liebe. Mit der Premiere von \u201eSp\u00f6kenkieker\u201c hat das Kolping Theater eine Punktlandung hingelegt \u2013 direkt im Lachzentrum der Zuschauer.<\/p>\n\n\n<div class=\"wp-block-image\">\n<figure class=\"aligncenter size-large is-resized\"><img decoding=\"async\" loading=\"lazy\" width=\"1024\" height=\"576\" src=\"https:\/\/xn--kolping-theater-haselnne-gtc.de\/wp-content\/uploads\/2024\/06\/IMG_7687-1024x576.jpg\" alt=\"\" class=\"wp-image-593\" style=\"aspect-ratio:1.7777777777777777;width:370px;height:auto\" srcset=\"http:\/\/xn--kolping-theater-haselnne-gtc.de\/wp-content\/uploads\/2024\/06\/IMG_7687-1024x576.jpg 1024w, http:\/\/xn--kolping-theater-haselnne-gtc.de\/wp-content\/uploads\/2024\/06\/IMG_7687-300x169.jpg 300w, http:\/\/xn--kolping-theater-haselnne-gtc.de\/wp-content\/uploads\/2024\/06\/IMG_7687-768x432.jpg 768w, http:\/\/xn--kolping-theater-haselnne-gtc.de\/wp-content\/uploads\/2024\/06\/IMG_7687-1536x864.jpg 1536w, http:\/\/xn--kolping-theater-haselnne-gtc.de\/wp-content\/uploads\/2024\/06\/IMG_7687-2048x1151.jpg 2048w, http:\/\/xn--kolping-theater-haselnne-gtc.de\/wp-content\/uploads\/2024\/06\/IMG_7687-1140x641.jpg 1140w\" sizes=\"(max-width: 1024px) 100vw, 1024px\" \/><\/figure><\/div>\n\n<div class=\"wp-block-image\">\n<figure class=\"aligncenter size-large is-resized\"><img decoding=\"async\" loading=\"lazy\" width=\"1024\" height=\"577\" src=\"https:\/\/xn--kolping-theater-haselnne-gtc.de\/wp-content\/uploads\/2024\/06\/20240103_211356-1024x577.jpg\" alt=\"\" class=\"wp-image-594\" style=\"aspect-ratio:1.7761989342806395;width:372px;height:auto\" srcset=\"http:\/\/xn--kolping-theater-haselnne-gtc.de\/wp-content\/uploads\/2024\/06\/20240103_211356-1024x577.jpg 1024w, http:\/\/xn--kolping-theater-haselnne-gtc.de\/wp-content\/uploads\/2024\/06\/20240103_211356-300x169.jpg 300w, http:\/\/xn--kolping-theater-haselnne-gtc.de\/wp-content\/uploads\/2024\/06\/20240103_211356-768x432.jpg 768w, http:\/\/xn--kolping-theater-haselnne-gtc.de\/wp-content\/uploads\/2024\/06\/20240103_211356-1536x865.jpg 1536w, http:\/\/xn--kolping-theater-haselnne-gtc.de\/wp-content\/uploads\/2024\/06\/20240103_211356-2048x1153.jpg 2048w, http:\/\/xn--kolping-theater-haselnne-gtc.de\/wp-content\/uploads\/2024\/06\/20240103_211356-1140x642.jpg 1140w\" sizes=\"(max-width: 1024px) 100vw, 1024px\" \/><\/figure><\/div>\n\n\n<p><\/p>\n\n\n\n<p><em><strong>2022<\/strong><\/em><\/p>\n\n\n\n<p>Um boaven woahnen Engel<\/p>\n\n\n\n<p>Das Dachgeschoss in einem Neun-Parteien-Haus ist Schauplatz des Geschehens um zwei \u00e4ltliche Schwestern namens Engel: Helene und Elvira. Hier bewohnen die Schwestern eine kleine Dachwohnung im vierten Stock. Z\u00e4nkisch gegeneinander, sind sie sich v\u00f6llig einig darin, ihren Hausgenossen das Leben schwer machen zu wollen; vor allem haben sie es auf eine gr\u00f6\u00dfere Wohnung einen Stock tiefer abgesehen. Dabei arbeiten sie mit allen Tricks und ziehen s\u00e4mtliche Register, um die direkt unter ihnen liegende f\u00fcnf-Zimmer-Wohnung zu erhalten. Nachdem ihre Anfragen f\u00fcr einen Wohnungswechsel beim Hauswirt immer wieder ins Leere laufen, fahren die beiden Damen gr\u00f6\u00dfere Gesch\u00fctze auf. So scheuen sie selbst vor geisterhaften und nervigen Klopfattacken nicht zur\u00fcck. Damit wollen sie den unliebsamen Mieter aus ihrer Lieblingswohnung vertreiben. Es wird gespukt und intrigiert, gelogen und manipuliert, alles gew\u00fcrzt mit Scheinheiligkeit und frommen Spr\u00fcchen, auf die die einen hereinfallen, etwa Frau Fritsche, der anscheinend hilfsbereiten Nachbarin, die aber ihrerseits auch nur auf ihren Vorteil bedacht ist. Nur Klaus durchschaut schnell das Spiel seiner Tanten und so ist dem kecken Intrigenspiel T\u00fcr und Tor ge\u00f6ffnet. Eine hinterh\u00e4ltige Kom\u00f6die \u00fcber menschliche Schw\u00e4chen, schlechtes Gewissen aber auch zarte Liebe und Gl\u00fcck.<\/p>\n\n\n<div class=\"wp-block-image\">\n<figure class=\"aligncenter size-large is-resized\"><img decoding=\"async\" loading=\"lazy\" width=\"1024\" height=\"681\" src=\"https:\/\/xn--kolping-theater-haselnne-gtc.de\/wp-content\/uploads\/2024\/06\/un-boaven-woahnt-Engel-Lingen-12.2-32-1024x681.jpg\" alt=\"\" class=\"wp-image-595\" style=\"aspect-ratio:1.5028901734104045;width:377px;height:auto\" srcset=\"http:\/\/xn--kolping-theater-haselnne-gtc.de\/wp-content\/uploads\/2024\/06\/un-boaven-woahnt-Engel-Lingen-12.2-32-1024x681.jpg 1024w, http:\/\/xn--kolping-theater-haselnne-gtc.de\/wp-content\/uploads\/2024\/06\/un-boaven-woahnt-Engel-Lingen-12.2-32-300x200.jpg 300w, http:\/\/xn--kolping-theater-haselnne-gtc.de\/wp-content\/uploads\/2024\/06\/un-boaven-woahnt-Engel-Lingen-12.2-32-768x511.jpg 768w, http:\/\/xn--kolping-theater-haselnne-gtc.de\/wp-content\/uploads\/2024\/06\/un-boaven-woahnt-Engel-Lingen-12.2-32-1536x1022.jpg 1536w, http:\/\/xn--kolping-theater-haselnne-gtc.de\/wp-content\/uploads\/2024\/06\/un-boaven-woahnt-Engel-Lingen-12.2-32-2048x1363.jpg 2048w, http:\/\/xn--kolping-theater-haselnne-gtc.de\/wp-content\/uploads\/2024\/06\/un-boaven-woahnt-Engel-Lingen-12.2-32-1140x759.jpg 1140w\" sizes=\"(max-width: 1024px) 100vw, 1024px\" \/><\/figure><\/div>\n\n<div class=\"wp-block-image\">\n<figure class=\"aligncenter size-large is-resized\"><img decoding=\"async\" loading=\"lazy\" width=\"1024\" height=\"681\" src=\"https:\/\/xn--kolping-theater-haselnne-gtc.de\/wp-content\/uploads\/2024\/06\/un-boaven-woahnt-Engel-Lingen-12.2-417-1024x681.jpg\" alt=\"\" class=\"wp-image-596\" style=\"aspect-ratio:1.5028901734104045;width:377px;height:auto\" srcset=\"http:\/\/xn--kolping-theater-haselnne-gtc.de\/wp-content\/uploads\/2024\/06\/un-boaven-woahnt-Engel-Lingen-12.2-417-1024x681.jpg 1024w, http:\/\/xn--kolping-theater-haselnne-gtc.de\/wp-content\/uploads\/2024\/06\/un-boaven-woahnt-Engel-Lingen-12.2-417-300x200.jpg 300w, http:\/\/xn--kolping-theater-haselnne-gtc.de\/wp-content\/uploads\/2024\/06\/un-boaven-woahnt-Engel-Lingen-12.2-417-768x511.jpg 768w, http:\/\/xn--kolping-theater-haselnne-gtc.de\/wp-content\/uploads\/2024\/06\/un-boaven-woahnt-Engel-Lingen-12.2-417-1536x1022.jpg 1536w, http:\/\/xn--kolping-theater-haselnne-gtc.de\/wp-content\/uploads\/2024\/06\/un-boaven-woahnt-Engel-Lingen-12.2-417-2048x1363.jpg 2048w, http:\/\/xn--kolping-theater-haselnne-gtc.de\/wp-content\/uploads\/2024\/06\/un-boaven-woahnt-Engel-Lingen-12.2-417-1140x759.jpg 1140w\" sizes=\"(max-width: 1024px) 100vw, 1024px\" \/><\/figure><\/div>\n\n\n<p><\/p>\n\n\n\n<p>Corona-Pause<\/p>\n\n\n\n<p><\/p>\n\n\n\n<p><strong><em>2019<\/em><\/strong><\/p>\n\n\n\n<p><strong>Up D\u00fcvels Schuvkoar<\/strong><\/p>\n\n\n\n<p>Nachkriegsdeutschland ist nicht nur durch Lebensmittelmarken und Aufteilung in Alliierte Zonen gekennzeichnet, sondern auch durch riesige Fl\u00fcchtlingsstr\u00f6me, einen illegalen Schwarzmarkthandel und ebensolche Schwarzbrennereien. Die Themen, die die Menschen in den Nachkriegsjahren angehen, sind Schwarzmarkt, Kriegsheimkehrer, Beh\u00f6rdenwillk\u00fcr, Wohnungsnot und Hunger.<\/p>\n\n\n\n<p>Viele Menschen haben diese \u201everteufelten Zeiten\u201c l\u00e4ngst vergessen. Das von Karl Bunje 1947 verfasste Lustspiel l\u00e4sst die Zeiten nach dem Zweiten Weltkrieg wieder aufleben. Er hat die \u201everteufelte Zeit\u201c, die dunklen Gesch\u00e4fte mit Schwarzgebranntem und Hamsterk\u00e4ufen in ein heiteres Spiel eingebracht und wir wollen mit diesem humorvollen Klassiker des Niederdeutschen Theaters diese Zeiten wieder lebendig werden lassen.. Bis der junge Bauer Heiko Herkens aus Krieg und Gefangenschaft zur\u00fcckkehrt, bewirtschaften die resolute Magd Taline und der Knecht Jan den Hof mit Hilfe des Fl\u00fcchtlingsm\u00e4dchens Marie. Doch als Heiko nun endlich wieder da ist, will er die verlorenen Kriegsjahre in vollen Z\u00fcgen nachholen und hat nicht die geringste Lust, sich mit der Landwirtschaft abzugeben. Er brennt lieber Schnaps, macht Schwarzmarktgesch\u00e4fte und treibt sich mit der flotten Helga herum, die mit der Arbeit auch nicht viel im Sinn hat. Als der Dorfpolizist die dunklen Gesch\u00e4fte wittert, gibt Heiko diese nicht etwa auf, sondern betreibt sie nur noch raffinierter. Sogar der H\u00fcter des Gesetzes l\u00e4sst sich hinters Licht f\u00fchren und betrachtet den \u201eHullmannschen\u201c, den er gern dort trinkt, als das ber\u00fchmte Schn\u00e4pschen in Ehren. Der Hof aber treibt dem Ruin entgegen. Da hat Heiko, in fr\u00f6hlicher Stimmung, eine sprichw\u00f6rtliche Schnapsidee und macht das leichtsinnige Versprechen, die Frau zu heiraten, die ihm endlich den Kuhstall ausmistet.<\/p>\n\n\n<div class=\"wp-block-image\">\n<figure class=\"aligncenter size-large is-resized\"><img decoding=\"async\" loading=\"lazy\" width=\"1024\" height=\"769\" src=\"https:\/\/xn--kolping-theater-haselnne-gtc.de\/wp-content\/uploads\/2024\/06\/Kolpingtheater-Haseluenne-Wesuwe-26.1-204-1024x769.jpg\" alt=\"\" class=\"wp-image-597\" style=\"aspect-ratio:1.3315994798439532;width:402px;height:auto\" srcset=\"http:\/\/xn--kolping-theater-haselnne-gtc.de\/wp-content\/uploads\/2024\/06\/Kolpingtheater-Haseluenne-Wesuwe-26.1-204-1024x769.jpg 1024w, http:\/\/xn--kolping-theater-haselnne-gtc.de\/wp-content\/uploads\/2024\/06\/Kolpingtheater-Haseluenne-Wesuwe-26.1-204-300x225.jpg 300w, http:\/\/xn--kolping-theater-haselnne-gtc.de\/wp-content\/uploads\/2024\/06\/Kolpingtheater-Haseluenne-Wesuwe-26.1-204-768x577.jpg 768w, http:\/\/xn--kolping-theater-haselnne-gtc.de\/wp-content\/uploads\/2024\/06\/Kolpingtheater-Haseluenne-Wesuwe-26.1-204-1140x856.jpg 1140w, http:\/\/xn--kolping-theater-haselnne-gtc.de\/wp-content\/uploads\/2024\/06\/Kolpingtheater-Haseluenne-Wesuwe-26.1-204.jpg 1332w\" sizes=\"(max-width: 1024px) 100vw, 1024px\" \/><\/figure><\/div>\n\n<div class=\"wp-block-image\">\n<figure class=\"aligncenter size-large is-resized\"><img decoding=\"async\" loading=\"lazy\" width=\"1024\" height=\"578\" src=\"https:\/\/xn--kolping-theater-haselnne-gtc.de\/wp-content\/uploads\/2024\/06\/IMG_2185-1024x578.jpg\" alt=\"\" class=\"wp-image-599\" style=\"aspect-ratio:1.7714285714285714;width:411px;height:auto\" srcset=\"http:\/\/xn--kolping-theater-haselnne-gtc.de\/wp-content\/uploads\/2024\/06\/IMG_2185-1024x578.jpg 1024w, http:\/\/xn--kolping-theater-haselnne-gtc.de\/wp-content\/uploads\/2024\/06\/IMG_2185-300x169.jpg 300w, http:\/\/xn--kolping-theater-haselnne-gtc.de\/wp-content\/uploads\/2024\/06\/IMG_2185-768x434.jpg 768w, http:\/\/xn--kolping-theater-haselnne-gtc.de\/wp-content\/uploads\/2024\/06\/IMG_2185-1536x867.jpg 1536w, http:\/\/xn--kolping-theater-haselnne-gtc.de\/wp-content\/uploads\/2024\/06\/IMG_2185-2048x1156.jpg 2048w, http:\/\/xn--kolping-theater-haselnne-gtc.de\/wp-content\/uploads\/2024\/06\/IMG_2185-1140x644.jpg 1140w\" sizes=\"(max-width: 1024px) 100vw, 1024px\" \/><\/figure><\/div>\n\n\n<p><\/p>\n\n\n\n<p><strong><em>2018<\/em><\/strong><\/p>\n\n\n\n<p><strong>Keerls d\u00f6\u00f6r un d\u00f6\u00f6r<\/strong><\/p>\n\n\n\n<p>Warum ziehen sich vier Paketboten in der Provinz Frauenkleider an? F\u00fcr einen guten Zweck nat\u00fcrlich. Die turbulente Kom\u00f6die erz\u00e4hlt die Geschichte der vier Paketboten Georg, Hinnerk, Paul und Manuel. Obwohl Versandleiterin Lisa Kording st\u00e4ndig stresst, erledigen die M\u00e4nner ihren Job gerne. Die Stimmung innerhalb des Teams \u00e4ndert sich aber, als Georg die K\u00fcndigung erh\u00e4lt, weil die finanziell angeschlagene Firma nur durch gravierende Sparma\u00dfnahmen gerettet werden kann. Dabei hatten sie kurz vorher erfahren, dass die 7 j\u00e4hrige Betty, Kordings Tochter, scheinbar schwer an den Augen erkrankt ist und eine Erblindung nur durch eine teure Operation im Ausland verhindert werden kann.<\/p>\n\n\n<div class=\"wp-block-image\">\n<figure class=\"aligncenter size-large is-resized\"><img decoding=\"async\" loading=\"lazy\" width=\"1024\" height=\"578\" src=\"http:\/\/xn--kolping-theater-haselnne-gtc.de\/wp-content\/uploads\/2024\/06\/48372630_1450154481787569_2170258489476120576_n-1024x578.jpg\" alt=\"\" class=\"wp-image-579\" style=\"aspect-ratio:1.7716262975778547;width:410px;height:auto\" srcset=\"http:\/\/xn--kolping-theater-haselnne-gtc.de\/wp-content\/uploads\/2024\/06\/48372630_1450154481787569_2170258489476120576_n-1024x578.jpg 1024w, http:\/\/xn--kolping-theater-haselnne-gtc.de\/wp-content\/uploads\/2024\/06\/48372630_1450154481787569_2170258489476120576_n-300x169.jpg 300w, http:\/\/xn--kolping-theater-haselnne-gtc.de\/wp-content\/uploads\/2024\/06\/48372630_1450154481787569_2170258489476120576_n-768x434.jpg 768w, http:\/\/xn--kolping-theater-haselnne-gtc.de\/wp-content\/uploads\/2024\/06\/48372630_1450154481787569_2170258489476120576_n-1536x867.jpg 1536w, http:\/\/xn--kolping-theater-haselnne-gtc.de\/wp-content\/uploads\/2024\/06\/48372630_1450154481787569_2170258489476120576_n-1140x644.jpg 1140w, http:\/\/xn--kolping-theater-haselnne-gtc.de\/wp-content\/uploads\/2024\/06\/48372630_1450154481787569_2170258489476120576_n.jpg 1860w\" sizes=\"(max-width: 1024px) 100vw, 1024px\" \/><\/figure><\/div>\n\n<div class=\"wp-block-image\">\n<figure class=\"aligncenter size-large is-resized\"><img decoding=\"async\" loading=\"lazy\" width=\"1024\" height=\"768\" src=\"https:\/\/xn--kolping-theater-haselnne-gtc.de\/wp-content\/uploads\/2024\/06\/Kerls-doeoer-an-doeoer-2.2-550-1024x768.jpg\" alt=\"\" class=\"wp-image-600\" style=\"aspect-ratio:1.3333333333333333;width:410px;height:auto\" srcset=\"http:\/\/xn--kolping-theater-haselnne-gtc.de\/wp-content\/uploads\/2024\/06\/Kerls-doeoer-an-doeoer-2.2-550-1024x768.jpg 1024w, http:\/\/xn--kolping-theater-haselnne-gtc.de\/wp-content\/uploads\/2024\/06\/Kerls-doeoer-an-doeoer-2.2-550-300x225.jpg 300w, http:\/\/xn--kolping-theater-haselnne-gtc.de\/wp-content\/uploads\/2024\/06\/Kerls-doeoer-an-doeoer-2.2-550-768x576.jpg 768w, http:\/\/xn--kolping-theater-haselnne-gtc.de\/wp-content\/uploads\/2024\/06\/Kerls-doeoer-an-doeoer-2.2-550-1536x1152.jpg 1536w, http:\/\/xn--kolping-theater-haselnne-gtc.de\/wp-content\/uploads\/2024\/06\/Kerls-doeoer-an-doeoer-2.2-550-2048x1536.jpg 2048w, http:\/\/xn--kolping-theater-haselnne-gtc.de\/wp-content\/uploads\/2024\/06\/Kerls-doeoer-an-doeoer-2.2-550-1140x855.jpg 1140w\" sizes=\"(max-width: 1024px) 100vw, 1024px\" \/><\/figure><\/div>","protected":false},"excerpt":{"rendered":"<p>2023 De Sp\u00f6kenkieker Das St\u00fcck selbst erz\u00e4hlt von den beiden Totengr\u00e4bern Hein Sumpfler genannt Spitt, gespielt von Dietmar Peters, und sein Bruder Jan Sumpfler genannt Schupp, gespielt von Andreas Josefus &#8211; zwei skurrile, aber lustige Artgenossen, die im tristen Malle Moor gerade so ihr Auskommen haben. Doch ger\u00e4t das zwar triste aber dennoch ruhige Leben &hellip; <\/p>\n<p><a class=\"more-link btn\" href=\"http:\/\/xn--kolping-theater-haselnne-gtc.de\/?page_id=567\">Weiterlesen<\/a><\/p>\n","protected":false},"author":1,"featured_media":0,"parent":0,"menu_order":0,"comment_status":"closed","ping_status":"closed","template":"","meta":{"_price":"","_stock":"","_tribe_ticket_header":"","_tribe_default_ticket_provider":"","_tribe_ticket_capacity":"0","_ticket_start_date":"","_ticket_end_date":"","_tribe_ticket_show_description":"","_tribe_ticket_show_not_going":false,"_tribe_ticket_use_global_stock":"","_tribe_ticket_global_stock_level":"","_global_stock_mode":"","_global_stock_cap":"","_tribe_rsvp_for_event":"","_tribe_ticket_going_count":"","_tribe_ticket_not_going_count":"","_tribe_tickets_list":"[]","_tribe_ticket_has_attendee_info_fields":false,"footnotes":"","_tec_slr_enabled":"","_tec_slr_layout":""},"ticketed":false,"_links":{"self":[{"href":"http:\/\/xn--kolping-theater-haselnne-gtc.de\/index.php?rest_route=\/wp\/v2\/pages\/567"}],"collection":[{"href":"http:\/\/xn--kolping-theater-haselnne-gtc.de\/index.php?rest_route=\/wp\/v2\/pages"}],"about":[{"href":"http:\/\/xn--kolping-theater-haselnne-gtc.de\/index.php?rest_route=\/wp\/v2\/types\/page"}],"author":[{"embeddable":true,"href":"http:\/\/xn--kolping-theater-haselnne-gtc.de\/index.php?rest_route=\/wp\/v2\/users\/1"}],"replies":[{"embeddable":true,"href":"http:\/\/xn--kolping-theater-haselnne-gtc.de\/index.php?rest_route=%2Fwp%2Fv2%2Fcomments&post=567"}],"version-history":[{"count":3,"href":"http:\/\/xn--kolping-theater-haselnne-gtc.de\/index.php?rest_route=\/wp\/v2\/pages\/567\/revisions"}],"predecessor-version":[{"id":601,"href":"http:\/\/xn--kolping-theater-haselnne-gtc.de\/index.php?rest_route=\/wp\/v2\/pages\/567\/revisions\/601"}],"wp:attachment":[{"href":"http:\/\/xn--kolping-theater-haselnne-gtc.de\/index.php?rest_route=%2Fwp%2Fv2%2Fmedia&parent=567"}],"curies":[{"name":"wp","href":"https:\/\/api.w.org\/{rel}","templated":true}]}}